{"id":32,"date":"2016-01-04T10:15:28","date_gmt":"2016-01-04T10:15:28","guid":{"rendered":"http:\/\/artday-wp.wossthemes.com\/?page_id=32"},"modified":"2025-12-17T18:00:20","modified_gmt":"2025-12-17T17:00:20","slug":"about","status":"publish","type":"page","link":"https:\/\/www.moritzney.lu\/de\/about\/","title":{"rendered":"Der K\u00fcnstler"},"content":{"rendered":"<p>[vc_row][vc_column][vc_column_text]<\/p>\n<h2><strong>Biographie<\/strong><\/h2>\n<p>&nbsp;<\/p>\n<p>Moritz Ney wurde am 26. Juli 1947 in Petingen (L) geboren.<\/p>\n<p>Er bricht vorzeitig sein Sekundarstudium ab, um als Freiwilliger der Luxemburger Armee beizutreten.<\/p>\n<p>Darauf folgt eine kurze Karriere in der Zollverwaltung.<\/p>\n<p>1967, als er zu der \u00dcberzeugung kommt, dass seine berufliche Zukunft in der bildenden Kunst liegt, macht er ein erstes Praktikum in der Werkstatt des Bildhauers Aurelio Sabbatini in Esch\/Alzette (L).<\/p>\n<p>1968 belegt er w\u00e4hrend eines Semesters Skulptur- und Zeichenkurse an Staatlichen Werkkunstschule in Trier (D).<\/p>\n<p>Im selben Jahr, nach der endg\u00fcltigen Schlie\u00dfung der Schule, geht Moritz Ney nach H\u00f6hr-Grenzhausen (D), um bei dem Maler, Keramiker, Fotografen und Bildhauer Albrecht Klauer-Simonis eine Mappe vorzubereiten, die es ihm erlaubt, an der Akademie der Bildenden K\u00fcnste in Karlsruhe (D) angenommen zu werden.<\/p>\n<p>Von 1969 bis 1972 belegt Moritz Ney Malkurse bei den Professoren Herbert Kitzel und Horst Egon Kalinovski sowie Bildhauerkurse bei Professor Hans Kindermann.<\/p>\n<p>In den Jahren 1972 bis 1980 lebt Moritz Ney als \u00a0K\u00fcnstler in Br\u00fcssel-Ixelles (B).<\/p>\n<p>1980 kehrt er in sein Geburtsland Luxemburg zur\u00fcck, um sich dort als freischaffender K\u00fcnstler niederzulassen.<\/p>\n<p>Seit 2019 lebt und arbeitet Moritz Ney in Luxemburg und in Belgien.[\/vc_column_text][\/vc_column][\/vc_row][vc_row el_class=&#8221;left-image-process&#8221;][vc_column][vc_empty_space height=&#8221;70&#8243;]\t<!-- Process -->\n\t\t\t<div class=\"row vertical-align\">\n\t\t\t\t<div class=\"col-sm-6\" data-sr=\"wait 0.1s, ease-in 20px\">\n\t\t\t\t\t<h3 class=\"ws-heading\">Arbeitstechniken<\/h3>\n\t\t\t\t\t<div class=\"ws-footer-separator\"><\/div>\n\t\t\t\t\tBildhauerei in Holz und Stein<\/p>\n<p>Assemblagen<\/p>\n<p>Drucke (Holz-, Zinn-,Kupfer- und Plexiglasdrucke)<\/p>\n<p>Siebdrucke<\/p>\n<p>Malerei auf Packpapier (Acryl,Aquarelle,Gouache)<\/p>\n<p>Kollagierte Malerei<\/p>\n<p>Hinterfolienmalerei (Hostaphan-Film)\n\t\t\t\t<\/div>\n\n\t\t\t\t<div class=\"col-sm-6\">\n\t\t\t\t\t<img src=\"https:\/\/www.moritzney.lu\/wp-content\/uploads\/2021\/04\/1n.jpg\" alt=\"Arbeitstechniken\" class=\"img-responsive\" \/>\n\t\t\t\t<\/div>\n\t\t\t<\/div>[\/vc_column][\/vc_row][vc_row][vc_column][vc_empty_space height=&#8221;70&#8243;]\t<!-- Process -->\n\t\t\t<div class=\"row vertical-align\">\n\t\t\t\t<div class=\"col-sm-6\" data-sr=\"wait 0.1s, ease-in 20px\">\n\t\t\t\t\t<h3 class=\"ws-heading\">Pers\u00f6nliche Ausstellungen<\/h3>\n\t\t\t\t\t<div class=\"ws-footer-separator\"><\/div>\n\t\t\t\t\t<strong>1972\u00a0 <\/strong>Galerie Glaub, Cologne (D)<\/p>\n<p><strong>1985\u00a0 <\/strong>Centre Culturel Fran\u00e7ais (L)<\/p>\n<p><strong>1986<\/strong>\u00a0 Galerie Sunnen, Bech-Kleinmacher (L)<\/p>\n<p><strong>1986\u00a0 <\/strong>Caf\u00e9 an der Schwemm, P\u00e9tange (L)<\/p>\n<p><strong>1987\u00a0 <\/strong>Centre Culturel Fran\u00e7ais (L)<\/p>\n<p><strong>1987\u00a0 <\/strong>Galerie Simoncini (L)<\/p>\n<p><strong>1988\u00a0 <\/strong>Galerie Simoncini (L)<\/p>\n<p><strong>1989\u00a0 <\/strong>Centre Culturel Fran\u00e7ais (L)<\/p>\n<p><strong>1990\u00a0 <\/strong>Galerie Simoncini (L)\n\t\t\t\t<\/div>\n\n\t\t\t\t<div class=\"col-sm-6\">\n\t\t\t\t\t<img src=\"https:\/\/www.moritzney.lu\/wp-content\/uploads\/2021\/04\/2n.jpg\" alt=\"Pers\u00f6nliche Ausstellungen\" class=\"img-responsive\" \/>\n\t\t\t\t<\/div>\n\t\t\t<\/div>[\/vc_column][\/vc_row][vc_row el_class=&#8221;left-image-process&#8221;][vc_column][vc_empty_space height=&#8221;70&#8243;]\t<!-- Process -->\n\t\t\t<div class=\"row vertical-align\">\n\t\t\t\t<div class=\"col-sm-6\" data-sr=\"wait 0.1s, ease-in 20px\">\n\t\t\t\t\t<h3 class=\"ws-heading\"><\/h3>\n\t\t\t\t\t<div class=\"ws-footer-separator\"><\/div>\n\t\t\t\t\t<strong>Anfang der 90ger\u00a0\u00a0 <\/strong>Galerie Stadtbredimus (L)<\/p>\n<p><strong>1995\u00a0 <\/strong>Banque Europ\u00e9enne d\u2019Investissement (L)<\/p>\n<p><strong>1996\u00a0 <\/strong>Galerie l\u2019Ind\u00e9pendance, Banque Interntionale (L)<\/p>\n<p><strong>Ende der 90ger\u00a0 <\/strong>Kjub Galerie-Restaurant (L)<\/p>\n<p><strong>2004\u00a0 <\/strong>Galerie Schlassgoart, Esch\/Alzette (L)<\/p>\n<p><strong>2012\u00a0 <\/strong>Espace H2O, Differdange (L)<\/p>\n<p><strong>2013\u00a0 <\/strong>Galerie Schlassgoart, Esch\/Alzette (L)<\/p>\n<p><strong>2019\u00a0 <\/strong>Centre Visit Remich \u00ab Cheers to Art \u00bb (L)\n\t\t\t\t<\/div>\n\n\t\t\t\t<div class=\"col-sm-6\">\n\t\t\t\t\t<img src=\"https:\/\/www.moritzney.lu\/wp-content\/uploads\/2021\/04\/13.jpg\" alt=\"\" class=\"img-responsive\" \/>\n\t\t\t\t<\/div>\n\t\t\t<\/div>[\/vc_column][\/vc_row][vc_row][vc_column][vc_empty_space height=&#8221;70&#8243;]\t<!-- Process -->\n\t\t\t<div class=\"row vertical-align\">\n\t\t\t\t<div class=\"col-sm-6\" data-sr=\"wait 0.1s, ease-in 20px\">\n\t\t\t\t\t<h3 class=\"ws-heading\">Kollektive Ausstellungen<\/h3>\n\t\t\t\t\t<div class=\"ws-footer-separator\"><\/div>\n\t\t\t\t\t<strong>1973\u00a0 <\/strong>Neumarkt der K\u00fcnste, K\u00f6ln (D)<\/p>\n<p><strong>1976\u00a0 <\/strong>Atelier-Wohnung von Moritz Ney, ein ehemaliger \u00ab staminee \u00bb in Br\u00fcssel-Ixelles (B)<\/p>\n<p><strong>In den 70gern\u00a0 <\/strong>eingeladen im Kunsthaus Metternich zusammen mit Albrecht Klauer-Simonis, Koblenz (D)<\/p>\n<p><strong>1977\u00a0 <\/strong>Kreuzgang der Abtei, Echternach (L)<\/p>\n<p><strong>1978\u00a0 <\/strong>Casino de Knokke-Heist (B)<\/p>\n<p><strong>1979\u00a0 <\/strong>Centre Marcel Noppeney, Oberkorn (L)<\/p>\n<p><strong>1984\u00a0 <\/strong>Galerie Terre-Rouge, Esch\/Alzette (L)<\/p>\n<p><strong>1984\u00a0 <\/strong>Villa Vauban \u00ab\u00a0Sculptures et Objets\u00a0\u00bb, Luxemburg-Stadt (L)<\/p>\n<p><strong>1985\u00a0 <\/strong>Cagnes-sur-Mer (F)\n\t\t\t\t<\/div>\n\n\t\t\t\t<div class=\"col-sm-6\">\n\t\t\t\t\t<img src=\"https:\/\/www.moritzney.lu\/wp-content\/uploads\/2021\/04\/3m-1.jpg\" alt=\"Kollektive Ausstellungen\" class=\"img-responsive\" \/>\n\t\t\t\t<\/div>\n\t\t\t<\/div>[\/vc_column][\/vc_row][vc_row el_class=&#8221;left-image-process&#8221;][vc_column][vc_empty_space height=&#8221;70&#8243;]\t<!-- Process -->\n\t\t\t<div class=\"row vertical-align\">\n\t\t\t\t<div class=\"col-sm-6\" data-sr=\"wait 0.1s, ease-in 20px\">\n\t\t\t\t\t<h3 class=\"ws-heading\"><\/h3>\n\t\t\t\t\t<div class=\"ws-footer-separator\"><\/div>\n\t\t\t\t\t<strong>1987<\/strong>\u00a0 Centre Culturel Fran\u00e7ais (L) \u00ab Peinture et Parole \u00bb<\/p>\n<p><strong>1988<\/strong>\u00a0 Biennale von Venedig (I) mit Patricia Lippert<\/p>\n<p><strong>1990<\/strong>\u00a0 Moskau (RU)<\/p>\n<p><strong>1995<\/strong>\u00a0 Ausstellungen in Nizza und St Avold (F)<\/p>\n<p><strong>1999<\/strong>\u00a0 Galerie Tendance Mikado (L) mit Albrecht Klauer-Simonis<\/p>\n<p><strong>2013<\/strong>\u00a0 Galerie Op der Kap, Capellen (L)<\/p>\n<p><strong>2016<\/strong>\u00a0 Galerie M\u00e9diArt (L)<\/p>\n<p><strong>2018\u00a0 <\/strong>Banque Bil Art2Cure (L)<\/p>\n<p><strong>2019<\/strong>\u00a0 Banque Bil Art2Cure (L)\n\t\t\t\t<\/div>\n\n\t\t\t\t<div class=\"col-sm-6\">\n\t\t\t\t\t<img src=\"https:\/\/www.moritzney.lu\/wp-content\/uploads\/2021\/04\/2m.jpg\" alt=\"\" class=\"img-responsive\" \/>\n\t\t\t\t<\/div>\n\t\t\t<\/div>[\/vc_column][\/vc_row][vc_row][vc_column][vc_empty_space height=&#8221;70&#8243;]\t<!-- Process -->\n\t\t\t<div class=\"row vertical-align\">\n\t\t\t\t<div class=\"col-sm-6\" data-sr=\"wait 0.1s, ease-in 20px\">\n\t\t\t\t\t<h3 class=\"ws-heading\">Werke im \u00f6ffentlichen Raum<\/h3>\n\t\t\t\t\t<div class=\"ws-footer-separator\"><\/div>\n\t\t\t\t\t1973 gestaltete Moritz Ney den Hauptaltar der Kirche in Petingen (L)<\/p>\n<p>Der r\u00f6tliche Stein des persischen Marmors soll an die Farbe des \u00f6rtlichen Eisenerzes erinnern.\n\t\t\t\t<\/div>\n\n\t\t\t\t<div class=\"col-sm-6\">\n\t\t\t\t\t<img src=\"https:\/\/www.moritzney.lu\/wp-content\/uploads\/2021\/02\/altar2.jpg\" alt=\"Werke im \u00f6ffentlichen Raum\" class=\"img-responsive\" \/>\n\t\t\t\t<\/div>\n\t\t\t<\/div>[\/vc_column][\/vc_row][vc_row el_class=&#8221;left-image-process&#8221;][vc_column][vc_empty_space height=&#8221;70&#8243;]\t<!-- Process -->\n\t\t\t<div class=\"row vertical-align\">\n\t\t\t\t<div class=\"col-sm-6\" data-sr=\"wait 0.1s, ease-in 20px\">\n\t\t\t\t\t<h3 class=\"ws-heading\"><\/h3>\n\t\t\t\t\t<div class=\"ws-footer-separator\"><\/div>\n<p class=\"p1\"><span class=\"s1\">1980 wird Nemesis, eine mehrfarbig lackierte Figur aus Metall, auf der Esplanade in Remich (L) aufgestellt.Hierf\u00fcr recycelte Moritz Ney die Motorhaube eines alten Lastwagens der \u00fcber lange Jahre in den \u00ab Baggerweiern \u00bb von Remerschen im Einsatz war.<\/span><\/p>\n<p class=\"p1\"><span class=\"s1\">Nach 40 Jahren hat Moritz Ney die Frauenfigur mit der Hilfe der bei der Gemeinde angestellten Handwerker in den Werkst\u00e4tten der Stadt Remich restauriert. In neuer Frische hat Nemesis nun ihren angestammten Platz am Moselufer wiedergefunden.<\/span><\/p>\n<p>\n\t\t\t\t<\/div>\n\n\t\t\t\t<div class=\"col-sm-6\">\n\t\t\t\t\t<img src=\"https:\/\/www.moritzney.lu\/wp-content\/uploads\/2021\/02\/8-12.jpg\" alt=\"\" class=\"img-responsive\" \/>\n\t\t\t\t<\/div>\n\t\t\t<\/div>[\/vc_column][\/vc_row]<\/p>","protected":false},"excerpt":{"rendered":"<p>[vc_row][vc_column][vc_column_text] Biographie &nbsp; Moritz Ney wurde am 26. Juli 1947 in Petingen (L) geboren. Er bricht vorzeitig sein Sekundarstudium ab, um als Freiwilliger der Luxemburger Armee beizutreten. Darauf folgt eine kurze Karriere in der Zollverwaltung. 1967, als er zu der \u00dcberzeugung kommt, dass seine berufliche Zukunft in der bildenden Kunst liegt, macht er ein erstes [&hellip;]<\/p>\n","protected":false},"author":1,"featured_media":0,"parent":0,"menu_order":0,"comment_status":"closed","ping_status":"closed","template":"template-page.php","meta":[],"_links":{"self":[{"href":"https:\/\/www.moritzney.lu\/de\/wp-json\/wp\/v2\/pages\/32"}],"collection":[{"href":"https:\/\/www.moritzney.lu\/de\/wp-json\/wp\/v2\/pages"}],"about":[{"href":"https:\/\/www.moritzney.lu\/de\/wp-json\/wp\/v2\/types\/page"}],"author":[{"embeddable":true,"href":"https:\/\/www.moritzney.lu\/de\/wp-json\/wp\/v2\/users\/1"}],"replies":[{"embeddable":true,"href":"https:\/\/www.moritzney.lu\/de\/wp-json\/wp\/v2\/comments?post=32"}],"version-history":[{"count":101,"href":"https:\/\/www.moritzney.lu\/de\/wp-json\/wp\/v2\/pages\/32\/revisions"}],"predecessor-version":[{"id":1066,"href":"https:\/\/www.moritzney.lu\/de\/wp-json\/wp\/v2\/pages\/32\/revisions\/1066"}],"wp:attachment":[{"href":"https:\/\/www.moritzney.lu\/de\/wp-json\/wp\/v2\/media?parent=32"}],"curies":[{"name":"wp","href":"https:\/\/api.w.org\/{rel}","templated":true}]}}